{"id":351,"date":"2025-11-17T10:00:06","date_gmt":"2025-11-17T08:00:06","guid":{"rendered":"https:\/\/testi.purolankartano.fi\/testi\/?page_id=351"},"modified":"2026-03-10T13:10:10","modified_gmt":"2026-03-10T11:10:10","slug":"polttoaineet","status":"publish","type":"page","link":"https:\/\/testi.purolankartano.fi\/testi\/polttoaineet\/","title":{"rendered":"Polttoaineet"},"content":{"rendered":"\t\t<div data-elementor-type=\"wp-page\" data-elementor-id=\"351\" class=\"elementor elementor-351\" data-elementor-post-type=\"page\">\n\t\t\t\t<div class=\"elementor-element elementor-element-524b4c6 e-flex e-con-boxed e-con e-parent\" data-id=\"524b4c6\" data-element_type=\"container\" data-e-type=\"container\" data-settings=\"{&quot;background_background&quot;:&quot;classic&quot;}\">\n\t\t\t\t\t<div class=\"e-con-inner\">\n\t\t\t\t<div class=\"elementor-element elementor-element-574e7343 elementor-widget elementor-widget-heading\" data-id=\"574e7343\" data-element_type=\"widget\" data-e-type=\"widget\" data-widget_type=\"heading.default\">\n\t\t\t\t\t<h1 class=\"elementor-heading-title elementor-size-default\">polttoaineet<\/h1>\t\t\t\t<\/div>\n\t\t\t\t\t<\/div>\n\t\t\t\t<\/div>\n\t\t<div class=\"elementor-element elementor-element-62411e8 e-flex e-con-boxed e-con e-parent\" data-id=\"62411e8\" data-element_type=\"container\" data-e-type=\"container\">\n\t\t\t\t\t<div class=\"e-con-inner\">\n\t\t\t\t<div class=\"elementor-element elementor-element-8d0dd4a elementor-widget elementor-widget-spacer\" data-id=\"8d0dd4a\" data-element_type=\"widget\" data-e-type=\"widget\" data-widget_type=\"spacer.default\">\n\t\t\t\t\t\t\t<div class=\"elementor-spacer\">\n\t\t\t<div class=\"elementor-spacer-inner\"><\/div>\n\t\t<\/div>\n\t\t\t\t\t\t<\/div>\n\t\t\t\t\t<\/div>\n\t\t\t\t<\/div>\n\t\t<div class=\"elementor-element elementor-element-02f5892 e-flex e-con-boxed e-con e-parent\" data-id=\"02f5892\" data-element_type=\"container\" data-e-type=\"container\">\n\t\t\t\t\t<div class=\"e-con-inner\">\n\t\t\t\t<div class=\"elementor-element elementor-element-ee01da9 elementor-widget elementor-widget-text-editor\" data-id=\"ee01da9\" data-element_type=\"widget\" data-e-type=\"widget\" data-widget_type=\"text-editor.default\">\n\t\t\t\t\t\t\t\t\t<p>Meilt\u00e4 saat polttoaineet l\u00e4mmitysk\u00e4ytt\u00f6\u00f6n, maatilan tarpeisiin tai urakointiyrityksellesi.&nbsp;<\/p><p>Kysy p\u00e4iv\u00e4n hintaa poltto\u00f6ljylle tai dieselille.<\/p>\t\t\t\t\t\t\t\t<\/div>\n\t\t\t\t<div class=\"elementor-element elementor-element-7da8175 elementor-widget elementor-widget-spacer\" data-id=\"7da8175\" data-element_type=\"widget\" data-e-type=\"widget\" data-widget_type=\"spacer.default\">\n\t\t\t\t\t\t\t<div class=\"elementor-spacer\">\n\t\t\t<div class=\"elementor-spacer-inner\"><\/div>\n\t\t<\/div>\n\t\t\t\t\t\t<\/div>\n\t\t\t\t\t<\/div>\n\t\t\t\t<\/div>\n\t\t<div class=\"elementor-element elementor-element-48edda82 e-flex e-con-boxed e-con e-parent\" data-id=\"48edda82\" data-element_type=\"container\" data-e-type=\"container\">\n\t\t\t\t\t<div class=\"e-con-inner\">\n\t\t\t\t<div class=\"elementor-element elementor-element-577c9433 elementor-widget-divider--view-line elementor-widget elementor-widget-divider\" data-id=\"577c9433\" data-element_type=\"widget\" data-e-type=\"widget\" data-widget_type=\"divider.default\">\n\t\t\t\t\t\t\t<div class=\"elementor-divider\">\n\t\t\t<span class=\"elementor-divider-separator\">\n\t\t\t\t\t\t<\/span>\n\t\t<\/div>\n\t\t\t\t\t\t<\/div>\n\t\t\t\t<div class=\"elementor-element elementor-element-25d1af2c elementor-align-center elementor-widget elementor-widget-button\" data-id=\"25d1af2c\" data-element_type=\"widget\" data-e-type=\"widget\" data-widget_type=\"button.default\">\n\t\t\t\t\t\t\t\t\t\t<a class=\"elementor-button elementor-button-link elementor-size-sm\" href=\"https:\/\/testi.purolankartano.fi\/testi\/otayhteytta\/\">\n\t\t\t\t\t\t<span class=\"elementor-button-content-wrapper\">\n\t\t\t\t\t\t\t\t\t<span class=\"elementor-button-text\">Kysy tarjous polttoaineista &gt;<\/span>\n\t\t\t\t\t<\/span>\n\t\t\t\t\t<\/a>\n\t\t\t\t\t\t\t\t<\/div>\n\t\t\t\t\t<\/div>\n\t\t\t\t<\/div>\n\t\t<div class=\"elementor-element elementor-element-efa07a3 e-flex e-con-boxed e-con e-parent\" data-id=\"efa07a3\" data-element_type=\"container\" data-e-type=\"container\">\n\t\t\t\t\t<div class=\"e-con-inner\">\n\t\t\t\t<div class=\"elementor-element elementor-element-ec69d3d elementor-widget elementor-widget-spacer\" data-id=\"ec69d3d\" data-element_type=\"widget\" data-e-type=\"widget\" data-widget_type=\"spacer.default\">\n\t\t\t\t\t\t\t<div class=\"elementor-spacer\">\n\t\t\t<div class=\"elementor-spacer-inner\"><\/div>\n\t\t<\/div>\n\t\t\t\t\t\t<\/div>\n\t\t\t\t\t<\/div>\n\t\t\t\t<\/div>\n\t\t\t\t<\/div>\n\t\t","protected":false},"excerpt":{"rendered":"<p>polttoaineet Meilt\u00e4 saat polttoaineet l\u00e4mmitysk\u00e4ytt\u00f6\u00f6n, maatilan tarpeisiin tai urakointiyrityksellesi.&nbsp; Kysy p\u00e4iv\u00e4n hintaa poltto\u00f6ljylle tai dieselille. Kysy tarjous polttoaineista &gt;<\/p>\n","protected":false},"author":1,"featured_media":0,"parent":0,"menu_order":0,"comment_status":"closed","ping_status":"closed","template":"elementor_header_footer","meta":{"footnotes":""},"class_list":["post-351","page","type-page","status-publish","hentry"],"yoast_head":"<!-- This site is optimized with the Yoast SEO plugin v27.4 - https:\/\/yoast.com\/product\/yoast-seo-wordpress\/ -->\n<title>Polttoaineet - Poltto\u00f6ljy ja diesel maatiloille | Purolan kartano<\/title>\n<meta name=\"description\" content=\"Poltto\u00f6ljy ja diesel l\u00e4mmitykseen, maatiloille ja urakoitsijoille. Kysy p\u00e4iv\u00e4n hinta ja tilaa suoraan meilt\u00e4. Puh. 0400 882 090.\" \/>\n<meta name=\"robots\" content=\"index, follow, max-snippet:-1, max-image-preview:large, max-video-preview:-1\" \/>\n<link rel=\"canonical\" href=\"https:\/\/testi.purolankartano.fi\/testi\/polttoaineet\/\" \/>\n<meta property=\"og:locale\" content=\"fi_FI\" \/>\n<meta property=\"og:type\" content=\"article\" \/>\n<meta property=\"og:title\" content=\"Polttoaineet - Poltto\u00f6ljy ja diesel maatiloille | Purolan kartano\" \/>\n<meta property=\"og:description\" content=\"Poltto\u00f6ljy ja diesel l\u00e4mmitykseen, maatiloille ja urakoitsijoille. Kysy p\u00e4iv\u00e4n hinta ja tilaa suoraan meilt\u00e4. Puh. 0400 882 090.\" \/>\n<meta property=\"og:url\" content=\"https:\/\/testi.purolankartano.fi\/testi\/polttoaineet\/\" \/>\n<meta property=\"og:site_name\" content=\"Purolan kartano Oy\" \/>\n<meta property=\"article:modified_time\" content=\"2026-03-10T11:10:10+00:00\" \/>\n<meta name=\"twitter:card\" content=\"summary_large_image\" \/>\n<meta name=\"twitter:label1\" content=\"Arvioitu lukuaika\" \/>\n\t<meta name=\"twitter:data1\" content=\"1 minuutti\" \/>\n<script type=\"application\/ld+json\" class=\"yoast-schema-graph\">{\"@context\":\"https:\\\/\\\/schema.org\",\"@graph\":[{\"@type\":\"WebPage\",\"@id\":\"https:\\\/\\\/testi.purolankartano.fi\\\/testi\\\/polttoaineet\\\/\",\"url\":\"https:\\\/\\\/testi.purolankartano.fi\\\/testi\\\/polttoaineet\\\/\",\"name\":\"Polttoaineet - Poltto\u00f6ljy ja diesel maatiloille | Purolan kartano\",\"isPartOf\":{\"@id\":\"https:\\\/\\\/testi.purolankartano.fi\\\/testi\\\/#website\"},\"datePublished\":\"2025-11-17T08:00:06+00:00\",\"dateModified\":\"2026-03-10T11:10:10+00:00\",\"description\":\"Poltto\u00f6ljy ja diesel l\u00e4mmitykseen, maatiloille ja urakoitsijoille. Kysy p\u00e4iv\u00e4n hinta ja tilaa suoraan meilt\u00e4. Puh. 0400 882 090.\",\"breadcrumb\":{\"@id\":\"https:\\\/\\\/testi.purolankartano.fi\\\/testi\\\/polttoaineet\\\/#breadcrumb\"},\"inLanguage\":\"fi\",\"potentialAction\":[{\"@type\":\"ReadAction\",\"target\":[\"https:\\\/\\\/testi.purolankartano.fi\\\/testi\\\/polttoaineet\\\/\"]}]},{\"@type\":\"BreadcrumbList\",\"@id\":\"https:\\\/\\\/testi.purolankartano.fi\\\/testi\\\/polttoaineet\\\/#breadcrumb\",\"itemListElement\":[{\"@type\":\"ListItem\",\"position\":1,\"name\":\"Etusivu\",\"item\":\"https:\\\/\\\/testi.purolankartano.fi\\\/testi\\\/\"},{\"@type\":\"ListItem\",\"position\":2,\"name\":\"Polttoaineet\"}]},{\"@type\":\"WebSite\",\"@id\":\"https:\\\/\\\/testi.purolankartano.fi\\\/testi\\\/#website\",\"url\":\"https:\\\/\\\/testi.purolankartano.fi\\\/testi\\\/\",\"name\":\"Purolan kartano Oy\",\"description\":\"Sertifioitujen siementen kauppa\",\"publisher\":{\"@id\":\"https:\\\/\\\/testi.purolankartano.fi\\\/testi\\\/#organization\"},\"potentialAction\":[{\"@type\":\"SearchAction\",\"target\":{\"@type\":\"EntryPoint\",\"urlTemplate\":\"https:\\\/\\\/testi.purolankartano.fi\\\/testi\\\/?s={search_term_string}\"},\"query-input\":{\"@type\":\"PropertyValueSpecification\",\"valueRequired\":true,\"valueName\":\"search_term_string\"}}],\"inLanguage\":\"fi\"},{\"@type\":\"Organization\",\"@id\":\"https:\\\/\\\/testi.purolankartano.fi\\\/testi\\\/#organization\",\"name\":\"Purolan kartano Oy\",\"url\":\"https:\\\/\\\/testi.purolankartano.fi\\\/testi\\\/\",\"logo\":{\"@type\":\"ImageObject\",\"inLanguage\":\"fi\",\"@id\":\"https:\\\/\\\/testi.purolankartano.fi\\\/testi\\\/#\\\/schema\\\/logo\\\/image\\\/\",\"url\":\"https:\\\/\\\/testi.purolankartano.fi\\\/testi\\\/wp-content\\\/uploads\\\/2025\\\/11\\\/siemenkuvio_CMYK.jpg\",\"contentUrl\":\"https:\\\/\\\/testi.purolankartano.fi\\\/testi\\\/wp-content\\\/uploads\\\/2025\\\/11\\\/siemenkuvio_CMYK.jpg\",\"width\":1481,\"height\":2362,\"caption\":\"Purolan kartano Oy\"},\"image\":{\"@id\":\"https:\\\/\\\/testi.purolankartano.fi\\\/testi\\\/#\\\/schema\\\/logo\\\/image\\\/\"}}]}<\/script>\n<!-- \/ Yoast SEO plugin. -->","yoast_head_json":{"title":"Polttoaineet - Poltto\u00f6ljy ja diesel maatiloille | Purolan kartano","description":"Poltto\u00f6ljy ja diesel l\u00e4mmitykseen, maatiloille ja urakoitsijoille. Kysy p\u00e4iv\u00e4n hinta ja tilaa suoraan meilt\u00e4. Puh. 0400 882 090.","robots":{"index":"index","follow":"follow","max-snippet":"max-snippet:-1","max-image-preview":"max-image-preview:large","max-video-preview":"max-video-preview:-1"},"canonical":"https:\/\/testi.purolankartano.fi\/testi\/polttoaineet\/","og_locale":"fi_FI","og_type":"article","og_title":"Polttoaineet - Poltto\u00f6ljy ja diesel maatiloille | Purolan kartano","og_description":"Poltto\u00f6ljy ja diesel l\u00e4mmitykseen, maatiloille ja urakoitsijoille. Kysy p\u00e4iv\u00e4n hinta ja tilaa suoraan meilt\u00e4. Puh. 0400 882 090.","og_url":"https:\/\/testi.purolankartano.fi\/testi\/polttoaineet\/","og_site_name":"Purolan kartano Oy","article_modified_time":"2026-03-10T11:10:10+00:00","twitter_card":"summary_large_image","twitter_misc":{"Arvioitu lukuaika":"1 minuutti"},"schema":{"@context":"https:\/\/schema.org","@graph":[{"@type":"WebPage","@id":"https:\/\/testi.purolankartano.fi\/testi\/polttoaineet\/","url":"https:\/\/testi.purolankartano.fi\/testi\/polttoaineet\/","name":"Polttoaineet - Poltto\u00f6ljy ja diesel maatiloille | Purolan kartano","isPartOf":{"@id":"https:\/\/testi.purolankartano.fi\/testi\/#website"},"datePublished":"2025-11-17T08:00:06+00:00","dateModified":"2026-03-10T11:10:10+00:00","description":"Poltto\u00f6ljy ja diesel l\u00e4mmitykseen, maatiloille ja urakoitsijoille. Kysy p\u00e4iv\u00e4n hinta ja tilaa suoraan meilt\u00e4. Puh. 0400 882 090.","breadcrumb":{"@id":"https:\/\/testi.purolankartano.fi\/testi\/polttoaineet\/#breadcrumb"},"inLanguage":"fi","potentialAction":[{"@type":"ReadAction","target":["https:\/\/testi.purolankartano.fi\/testi\/polttoaineet\/"]}]},{"@type":"BreadcrumbList","@id":"https:\/\/testi.purolankartano.fi\/testi\/polttoaineet\/#breadcrumb","itemListElement":[{"@type":"ListItem","position":1,"name":"Etusivu","item":"https:\/\/testi.purolankartano.fi\/testi\/"},{"@type":"ListItem","position":2,"name":"Polttoaineet"}]},{"@type":"WebSite","@id":"https:\/\/testi.purolankartano.fi\/testi\/#website","url":"https:\/\/testi.purolankartano.fi\/testi\/","name":"Purolan kartano Oy","description":"Sertifioitujen siementen kauppa","publisher":{"@id":"https:\/\/testi.purolankartano.fi\/testi\/#organization"},"potentialAction":[{"@type":"SearchAction","target":{"@type":"EntryPoint","urlTemplate":"https:\/\/testi.purolankartano.fi\/testi\/?s={search_term_string}"},"query-input":{"@type":"PropertyValueSpecification","valueRequired":true,"valueName":"search_term_string"}}],"inLanguage":"fi"},{"@type":"Organization","@id":"https:\/\/testi.purolankartano.fi\/testi\/#organization","name":"Purolan kartano Oy","url":"https:\/\/testi.purolankartano.fi\/testi\/","logo":{"@type":"ImageObject","inLanguage":"fi","@id":"https:\/\/testi.purolankartano.fi\/testi\/#\/schema\/logo\/image\/","url":"https:\/\/testi.purolankartano.fi\/testi\/wp-content\/uploads\/2025\/11\/siemenkuvio_CMYK.jpg","contentUrl":"https:\/\/testi.purolankartano.fi\/testi\/wp-content\/uploads\/2025\/11\/siemenkuvio_CMYK.jpg","width":1481,"height":2362,"caption":"Purolan kartano Oy"},"image":{"@id":"https:\/\/testi.purolankartano.fi\/testi\/#\/schema\/logo\/image\/"}}]}},"_links":{"self":[{"href":"https:\/\/testi.purolankartano.fi\/testi\/wp-json\/wp\/v2\/pages\/351","targetHints":{"allow":["GET"]}}],"collection":[{"href":"https:\/\/testi.purolankartano.fi\/testi\/wp-json\/wp\/v2\/pages"}],"about":[{"href":"https:\/\/testi.purolankartano.fi\/testi\/wp-json\/wp\/v2\/types\/page"}],"author":[{"embeddable":true,"href":"https:\/\/testi.purolankartano.fi\/testi\/wp-json\/wp\/v2\/users\/1"}],"replies":[{"embeddable":true,"href":"https:\/\/testi.purolankartano.fi\/testi\/wp-json\/wp\/v2\/comments?post=351"}],"version-history":[{"count":53,"href":"https:\/\/testi.purolankartano.fi\/testi\/wp-json\/wp\/v2\/pages\/351\/revisions"}],"predecessor-version":[{"id":1279,"href":"https:\/\/testi.purolankartano.fi\/testi\/wp-json\/wp\/v2\/pages\/351\/revisions\/1279"}],"wp:attachment":[{"href":"https:\/\/testi.purolankartano.fi\/testi\/wp-json\/wp\/v2\/media?parent=351"}],"curies":[{"name":"wp","href":"https:\/\/api.w.org\/{rel}","templated":true}]}}