{"id":311,"date":"2025-11-17T09:12:03","date_gmt":"2025-11-17T07:12:03","guid":{"rendered":"https:\/\/testi.purolankartano.fi\/testi\/menu-2\/"},"modified":"2026-03-07T10:25:27","modified_gmt":"2026-03-07T08:25:27","slug":"siemenseokset","status":"publish","type":"page","link":"https:\/\/testi.purolankartano.fi\/testi\/siemenseokset\/","title":{"rendered":"Siemenseokset"},"content":{"rendered":"\t\t<div data-elementor-type=\"wp-page\" data-elementor-id=\"311\" class=\"elementor elementor-311\" data-elementor-post-type=\"page\">\n\t\t\t\t<div class=\"elementor-element elementor-element-33cfee94 e-con-full e-flex e-con e-parent\" data-id=\"33cfee94\" data-element_type=\"container\" data-e-type=\"container\" data-settings=\"{&quot;background_background&quot;:&quot;classic&quot;,&quot;background_motion_fx_motion_fx_scrolling&quot;:&quot;yes&quot;,&quot;background_motion_fx_translateY_effect&quot;:&quot;yes&quot;,&quot;background_motion_fx_translateY_direction&quot;:&quot;negative&quot;,&quot;background_motion_fx_translateY_speed&quot;:{&quot;unit&quot;:&quot;px&quot;,&quot;size&quot;:1,&quot;sizes&quot;:[]},&quot;background_motion_fx_translateY_affectedRange&quot;:{&quot;unit&quot;:&quot;%&quot;,&quot;size&quot;:&quot;&quot;,&quot;sizes&quot;:{&quot;start&quot;:0,&quot;end&quot;:100}},&quot;background_motion_fx_devices&quot;:[&quot;desktop&quot;,&quot;tablet&quot;,&quot;mobile&quot;]}\">\n\t\t\t\t<div class=\"elementor-element elementor-element-7fb8e7f5 elementor-widget elementor-widget-heading\" data-id=\"7fb8e7f5\" data-element_type=\"widget\" data-e-type=\"widget\" data-widget_type=\"heading.default\">\n\t\t\t\t\t<h1 class=\"elementor-heading-title elementor-size-default\">siemenseokset<\/h1>\t\t\t\t<\/div>\n\t\t\t\t<\/div>\n\t\t<div class=\"elementor-element elementor-element-dece434 e-flex e-con-boxed e-con e-parent\" data-id=\"dece434\" data-element_type=\"container\" data-e-type=\"container\">\n\t\t\t\t\t<div class=\"e-con-inner\">\n\t\t<div class=\"elementor-element elementor-element-3dbbe99 e-con-full e-flex e-con e-child\" data-id=\"3dbbe99\" data-element_type=\"container\" data-e-type=\"container\">\n\t\t\t\t<div class=\"elementor-element elementor-element-2efa47d elementor-widget elementor-widget-text-editor\" data-id=\"2efa47d\" data-element_type=\"widget\" data-e-type=\"widget\" data-widget_type=\"text-editor.default\">\n\t\t\t\t\t\t\t\t\t<p><\/p>\n<p><strong>&nbsp;<\/strong><\/p>\n<p><strong><br><\/strong><\/p><p><strong><br><\/strong><\/p><p><strong>Nurmisiemenseokset ovat meid\u00e4n erikoisosaamisemme<\/strong><\/p>\n<p>Nurmisiemenseokset ovat yrityksemme p\u00e4\u00e4tuote. Huolehdimme koko tuotantoketjun alusta loppuun. Sopimusviljelij\u00f6idemme pelloilta raaka-ainetuotannon kautta, siementen kunnostukseen ja lopulta valmiiksi nurmisiemenseokseksi.<\/p>\n<p><\/p>\t\t\t\t\t\t\t\t<\/div>\n\t\t\t\t<\/div>\n\t\t<div class=\"elementor-element elementor-element-e7fa4ee e-con-full e-flex e-con e-child\" data-id=\"e7fa4ee\" data-element_type=\"container\" data-e-type=\"container\">\n\t\t\t\t<div class=\"elementor-element elementor-element-e7ebd89 elementor-widget elementor-widget-image\" data-id=\"e7ebd89\" data-element_type=\"widget\" data-e-type=\"widget\" data-widget_type=\"image.default\">\n\t\t\t\t\t\t\t\t\t\t\t\t\t\t\t<img fetchpriority=\"high\" decoding=\"async\" width=\"400\" height=\"400\" src=\"https:\/\/testi.purolankartano.fi\/testi\/wp-content\/uploads\/2026\/02\/Sertifioitu-siemen-rgb_web-e1772444836850.png\" class=\"attachment-large size-large wp-image-895\" alt=\"\" \/>\t\t\t\t\t\t\t\t\t\t\t\t\t\t\t<\/div>\n\t\t\t\t<\/div>\n\t\t\t\t\t<\/div>\n\t\t\t\t<\/div>\n\t\t<div class=\"elementor-element elementor-element-6b1a581 e-flex e-con-boxed e-con e-parent\" data-id=\"6b1a581\" data-element_type=\"container\" data-e-type=\"container\">\n\t\t\t\t\t<div class=\"e-con-inner\">\n\t\t<div class=\"elementor-element elementor-element-82b185b e-con-full e-flex e-con e-child\" data-id=\"82b185b\" data-element_type=\"container\" data-e-type=\"container\">\n\t\t\t\t<div class=\"elementor-element elementor-element-79e0098 elementor-widget elementor-widget-image\" data-id=\"79e0098\" data-element_type=\"widget\" data-e-type=\"widget\" data-widget_type=\"image.default\">\n\t\t\t\t\t\t\t\t\t\t\t\t\t\t\t<img decoding=\"async\" width=\"768\" height=\"1024\" src=\"https:\/\/testi.purolankartano.fi\/testi\/wp-content\/uploads\/2026\/01\/IMG_1951-768x1024.jpeg\" class=\"attachment-large size-large wp-image-709\" alt=\"\" srcset=\"https:\/\/testi.purolankartano.fi\/testi\/wp-content\/uploads\/2026\/01\/IMG_1951-768x1024.jpeg 768w, https:\/\/testi.purolankartano.fi\/testi\/wp-content\/uploads\/2026\/01\/IMG_1951-225x300.jpeg 225w, https:\/\/testi.purolankartano.fi\/testi\/wp-content\/uploads\/2026\/01\/IMG_1951-1152x1536.jpeg 1152w, https:\/\/testi.purolankartano.fi\/testi\/wp-content\/uploads\/2026\/01\/IMG_1951.jpeg 1512w\" sizes=\"(max-width: 768px) 100vw, 768px\" \/>\t\t\t\t\t\t\t\t\t\t\t\t\t\t\t<\/div>\n\t\t\t\t<\/div>\n\t\t<div class=\"elementor-element elementor-element-0ac79ae e-con-full e-flex e-con e-child\" data-id=\"0ac79ae\" data-element_type=\"container\" data-e-type=\"container\">\n\t\t\t\t<div class=\"elementor-element elementor-element-3ff5da6 elementor-widget elementor-widget-text-editor\" data-id=\"3ff5da6\" data-element_type=\"widget\" data-e-type=\"widget\" data-widget_type=\"text-editor.default\">\n\t\t\t\t\t\t\t\t\t<p>\u00a0<\/p><p><strong>Kotimaista laatua, huolella t\u00e4ydennettyn\u00e4<\/strong><\/p><p>Suurin osa seostemme komponenteista on kotimaista tuotantoa. T\u00e4ydenn\u00e4mme valikoimaa tarkoin valituilla ulkomaisilla siementuotteilla, jotka tuovat seoksiimme juuri ne ominaisuudet, joita suomalaiset pellot ja viljelij\u00e4t tarvitsevat.<\/p><p><strong>Laatu on lupauksemme<\/strong><\/p><p>Jokaisessa vaiheessa aina raaka-ainetuotannosta valmiiseen siemenseokseen, t\u00e4ht\u00e4\u00e4mme vain yhteen asiaan, laadukkaaseen siementuotteeseen.<\/p><p>Koska pid\u00e4mme koko tuotannon omissa k\u00e4siss\u00e4mme, voimme taata tuotteellemme laadun lis\u00e4ksi my\u00f6s kilpailukykyisen hinnan.<\/p><p><strong>Saat siis laadun ja edullisen hinnan samassa pussissa.<\/strong><\/p>\t\t\t\t\t\t\t\t<\/div>\n\t\t\t\t<\/div>\n\t\t\t\t\t<\/div>\n\t\t\t\t<\/div>\n\t\t<div class=\"elementor-element elementor-element-9fb2aa4 e-flex e-con-boxed e-con e-parent\" data-id=\"9fb2aa4\" data-element_type=\"container\" data-e-type=\"container\">\n\t\t\t\t\t<div class=\"e-con-inner\">\n\t\t\t\t<div class=\"elementor-element elementor-element-1f3adfa elementor-widget elementor-widget-spacer\" data-id=\"1f3adfa\" data-element_type=\"widget\" data-e-type=\"widget\" data-widget_type=\"spacer.default\">\n\t\t\t\t\t\t\t<div class=\"elementor-spacer\">\n\t\t\t<div class=\"elementor-spacer-inner\"><\/div>\n\t\t<\/div>\n\t\t\t\t\t\t<\/div>\n\t\t\t\t\t<\/div>\n\t\t\t\t<\/div>\n\t\t<div class=\"elementor-element elementor-element-7e09a3f e-flex e-con-boxed e-con e-parent\" data-id=\"7e09a3f\" data-element_type=\"container\" data-e-type=\"container\">\n\t\t\t\t\t<div class=\"e-con-inner\">\n\t\t\t\t<div class=\"elementor-element elementor-element-0b22331 elementor-cta--skin-classic elementor-animated-content elementor-bg-transform elementor-bg-transform-zoom-in elementor-widget elementor-widget-call-to-action\" data-id=\"0b22331\" data-element_type=\"widget\" data-e-type=\"widget\" data-widget_type=\"call-to-action.default\">\n\t\t\t\t\t\t\t<div class=\"elementor-cta\">\n\t\t\t\t\t\t\t<div class=\"elementor-cta__content\">\n\t\t\t\t\n\t\t\t\t\n\t\t\t\t\n\t\t\t\t\t\t\t\t\t<div class=\"elementor-cta__button-wrapper elementor-cta__content-item elementor-content-item \">\n\t\t\t\t\t<a class=\"elementor-cta__button elementor-button elementor-size-\" href=\"https:\/\/testi.purolankartano.fi\/testi\/otayhteytta\/\">\n\t\t\t\t\t\tOta yhteytt\u00e4 &gt;\t\t\t\t\t<\/a>\n\t\t\t\t\t<\/div>\n\t\t\t\t\t\t\t<\/div>\n\t\t\t\t\t\t<\/div>\n\t\t\t\t\t\t<\/div>\n\t\t\t\t\t<\/div>\n\t\t\t\t<\/div>\n\t\t<div class=\"elementor-element elementor-element-e4042ba e-flex e-con-boxed e-con e-parent\" data-id=\"e4042ba\" data-element_type=\"container\" data-e-type=\"container\">\n\t\t\t\t\t<div class=\"e-con-inner\">\n\t\t\t\t<div class=\"elementor-element elementor-element-fae9130 elementor-widget elementor-widget-spacer\" data-id=\"fae9130\" data-element_type=\"widget\" data-e-type=\"widget\" data-widget_type=\"spacer.default\">\n\t\t\t\t\t\t\t<div class=\"elementor-spacer\">\n\t\t\t<div class=\"elementor-spacer-inner\"><\/div>\n\t\t<\/div>\n\t\t\t\t\t\t<\/div>\n\t\t\t\t\t<\/div>\n\t\t\t\t<\/div>\n\t\t\t\t<\/div>\n\t\t","protected":false},"excerpt":{"rendered":"<p>siemenseokset &nbsp; Nurmisiemenseokset ovat meid\u00e4n erikoisosaamisemme Nurmisiemenseokset ovat yrityksemme p\u00e4\u00e4tuote. Huolehdimme koko tuotantoketjun alusta loppuun. Sopimusviljelij\u00f6idemme pelloilta raaka-ainetuotannon kautta, siementen kunnostukseen ja lopulta valmiiksi nurmisiemenseokseksi. \u00a0 Kotimaista laatua, huolella t\u00e4ydennettyn\u00e4 Suurin osa seostemme komponenteista on kotimaista tuotantoa. T\u00e4ydenn\u00e4mme valikoimaa tarkoin valituilla ulkomaisilla siementuotteilla, jotka tuovat seoksiimme juuri ne ominaisuudet, joita suomalaiset pellot ja viljelij\u00e4t tarvitsevat. [&hellip;]<\/p>\n","protected":false},"author":1,"featured_media":0,"parent":0,"menu_order":0,"comment_status":"closed","ping_status":"closed","template":"elementor_header_footer","meta":{"footnotes":""},"class_list":["post-311","page","type-page","status-publish","hentry"],"yoast_head":"<!-- This site is optimized with the Yoast SEO plugin v27.4 - https:\/\/yoast.com\/product\/yoast-seo-wordpress\/ -->\n<title>Nurmisiemenseokset viljelij\u00f6ille | Purolan kartano<\/title>\n<meta name=\"description\" content=\"Nurmisiemenseokset ovat erikoisosaamisemme. Kotimaista laatua kilpailukykyiseen hintaan \u2013 koko tuotantoketju omissa k\u00e4siss\u00e4mme.\" \/>\n<meta name=\"robots\" content=\"index, follow, max-snippet:-1, max-image-preview:large, max-video-preview:-1\" \/>\n<link rel=\"canonical\" href=\"https:\/\/testi.purolankartano.fi\/testi\/siemenseokset\/\" \/>\n<meta property=\"og:locale\" content=\"fi_FI\" \/>\n<meta property=\"og:type\" content=\"article\" \/>\n<meta property=\"og:title\" content=\"Nurmisiemenseokset viljelij\u00f6ille | Purolan kartano\" \/>\n<meta property=\"og:description\" content=\"Nurmisiemenseokset ovat erikoisosaamisemme. Kotimaista laatua kilpailukykyiseen hintaan \u2013 koko tuotantoketju omissa k\u00e4siss\u00e4mme.\" \/>\n<meta property=\"og:url\" content=\"https:\/\/testi.purolankartano.fi\/testi\/siemenseokset\/\" \/>\n<meta property=\"og:site_name\" content=\"Purolan kartano Oy\" \/>\n<meta property=\"article:modified_time\" content=\"2026-03-07T08:25:27+00:00\" \/>\n<meta property=\"og:image\" content=\"https:\/\/testi.purolankartano.fi\/testi\/wp-content\/uploads\/2026\/02\/Sertifioitu-siemen-rgb_web-e1772444836850.png\" \/>\n\t<meta property=\"og:image:width\" content=\"400\" \/>\n\t<meta property=\"og:image:height\" content=\"400\" \/>\n\t<meta property=\"og:image:type\" content=\"image\/png\" \/>\n<meta name=\"twitter:card\" content=\"summary_large_image\" \/>\n<meta name=\"twitter:label1\" content=\"Arvioitu lukuaika\" \/>\n\t<meta name=\"twitter:data1\" content=\"1 minuutti\" \/>\n<script type=\"application\/ld+json\" class=\"yoast-schema-graph\">{\"@context\":\"https:\\\/\\\/schema.org\",\"@graph\":[{\"@type\":\"WebPage\",\"@id\":\"https:\\\/\\\/testi.purolankartano.fi\\\/testi\\\/siemenseokset\\\/\",\"url\":\"https:\\\/\\\/testi.purolankartano.fi\\\/testi\\\/siemenseokset\\\/\",\"name\":\"Nurmisiemenseokset viljelij\u00f6ille | Purolan kartano\",\"isPartOf\":{\"@id\":\"https:\\\/\\\/testi.purolankartano.fi\\\/testi\\\/#website\"},\"primaryImageOfPage\":{\"@id\":\"https:\\\/\\\/testi.purolankartano.fi\\\/testi\\\/siemenseokset\\\/#primaryimage\"},\"image\":{\"@id\":\"https:\\\/\\\/testi.purolankartano.fi\\\/testi\\\/siemenseokset\\\/#primaryimage\"},\"thumbnailUrl\":\"https:\\\/\\\/testi.purolankartano.fi\\\/testi\\\/wp-content\\\/uploads\\\/2026\\\/02\\\/Sertifioitu-siemen-rgb_web-e1772444836850.png\",\"datePublished\":\"2025-11-17T07:12:03+00:00\",\"dateModified\":\"2026-03-07T08:25:27+00:00\",\"description\":\"Nurmisiemenseokset ovat erikoisosaamisemme. Kotimaista laatua kilpailukykyiseen hintaan \u2013 koko tuotantoketju omissa k\u00e4siss\u00e4mme.\",\"breadcrumb\":{\"@id\":\"https:\\\/\\\/testi.purolankartano.fi\\\/testi\\\/siemenseokset\\\/#breadcrumb\"},\"inLanguage\":\"fi\",\"potentialAction\":[{\"@type\":\"ReadAction\",\"target\":[\"https:\\\/\\\/testi.purolankartano.fi\\\/testi\\\/siemenseokset\\\/\"]}]},{\"@type\":\"ImageObject\",\"inLanguage\":\"fi\",\"@id\":\"https:\\\/\\\/testi.purolankartano.fi\\\/testi\\\/siemenseokset\\\/#primaryimage\",\"url\":\"https:\\\/\\\/testi.purolankartano.fi\\\/testi\\\/wp-content\\\/uploads\\\/2026\\\/02\\\/Sertifioitu-siemen-rgb_web-e1772444836850.png\",\"contentUrl\":\"https:\\\/\\\/testi.purolankartano.fi\\\/testi\\\/wp-content\\\/uploads\\\/2026\\\/02\\\/Sertifioitu-siemen-rgb_web-e1772444836850.png\",\"width\":400,\"height\":400},{\"@type\":\"BreadcrumbList\",\"@id\":\"https:\\\/\\\/testi.purolankartano.fi\\\/testi\\\/siemenseokset\\\/#breadcrumb\",\"itemListElement\":[{\"@type\":\"ListItem\",\"position\":1,\"name\":\"Etusivu\",\"item\":\"https:\\\/\\\/testi.purolankartano.fi\\\/testi\\\/\"},{\"@type\":\"ListItem\",\"position\":2,\"name\":\"Siemenseokset\"}]},{\"@type\":\"WebSite\",\"@id\":\"https:\\\/\\\/testi.purolankartano.fi\\\/testi\\\/#website\",\"url\":\"https:\\\/\\\/testi.purolankartano.fi\\\/testi\\\/\",\"name\":\"Purolan kartano Oy\",\"description\":\"Sertifioitujen siementen kauppa\",\"publisher\":{\"@id\":\"https:\\\/\\\/testi.purolankartano.fi\\\/testi\\\/#organization\"},\"potentialAction\":[{\"@type\":\"SearchAction\",\"target\":{\"@type\":\"EntryPoint\",\"urlTemplate\":\"https:\\\/\\\/testi.purolankartano.fi\\\/testi\\\/?s={search_term_string}\"},\"query-input\":{\"@type\":\"PropertyValueSpecification\",\"valueRequired\":true,\"valueName\":\"search_term_string\"}}],\"inLanguage\":\"fi\"},{\"@type\":\"Organization\",\"@id\":\"https:\\\/\\\/testi.purolankartano.fi\\\/testi\\\/#organization\",\"name\":\"Purolan kartano Oy\",\"url\":\"https:\\\/\\\/testi.purolankartano.fi\\\/testi\\\/\",\"logo\":{\"@type\":\"ImageObject\",\"inLanguage\":\"fi\",\"@id\":\"https:\\\/\\\/testi.purolankartano.fi\\\/testi\\\/#\\\/schema\\\/logo\\\/image\\\/\",\"url\":\"https:\\\/\\\/testi.purolankartano.fi\\\/testi\\\/wp-content\\\/uploads\\\/2025\\\/11\\\/siemenkuvio_CMYK.jpg\",\"contentUrl\":\"https:\\\/\\\/testi.purolankartano.fi\\\/testi\\\/wp-content\\\/uploads\\\/2025\\\/11\\\/siemenkuvio_CMYK.jpg\",\"width\":1481,\"height\":2362,\"caption\":\"Purolan kartano Oy\"},\"image\":{\"@id\":\"https:\\\/\\\/testi.purolankartano.fi\\\/testi\\\/#\\\/schema\\\/logo\\\/image\\\/\"}}]}<\/script>\n<!-- \/ Yoast SEO plugin. -->","yoast_head_json":{"title":"Nurmisiemenseokset viljelij\u00f6ille | Purolan kartano","description":"Nurmisiemenseokset ovat erikoisosaamisemme. Kotimaista laatua kilpailukykyiseen hintaan \u2013 koko tuotantoketju omissa k\u00e4siss\u00e4mme.","robots":{"index":"index","follow":"follow","max-snippet":"max-snippet:-1","max-image-preview":"max-image-preview:large","max-video-preview":"max-video-preview:-1"},"canonical":"https:\/\/testi.purolankartano.fi\/testi\/siemenseokset\/","og_locale":"fi_FI","og_type":"article","og_title":"Nurmisiemenseokset viljelij\u00f6ille | Purolan kartano","og_description":"Nurmisiemenseokset ovat erikoisosaamisemme. Kotimaista laatua kilpailukykyiseen hintaan \u2013 koko tuotantoketju omissa k\u00e4siss\u00e4mme.","og_url":"https:\/\/testi.purolankartano.fi\/testi\/siemenseokset\/","og_site_name":"Purolan kartano Oy","article_modified_time":"2026-03-07T08:25:27+00:00","og_image":[{"width":400,"height":400,"url":"https:\/\/testi.purolankartano.fi\/testi\/wp-content\/uploads\/2026\/02\/Sertifioitu-siemen-rgb_web-e1772444836850.png","type":"image\/png"}],"twitter_card":"summary_large_image","twitter_misc":{"Arvioitu lukuaika":"1 minuutti"},"schema":{"@context":"https:\/\/schema.org","@graph":[{"@type":"WebPage","@id":"https:\/\/testi.purolankartano.fi\/testi\/siemenseokset\/","url":"https:\/\/testi.purolankartano.fi\/testi\/siemenseokset\/","name":"Nurmisiemenseokset viljelij\u00f6ille | Purolan kartano","isPartOf":{"@id":"https:\/\/testi.purolankartano.fi\/testi\/#website"},"primaryImageOfPage":{"@id":"https:\/\/testi.purolankartano.fi\/testi\/siemenseokset\/#primaryimage"},"image":{"@id":"https:\/\/testi.purolankartano.fi\/testi\/siemenseokset\/#primaryimage"},"thumbnailUrl":"https:\/\/testi.purolankartano.fi\/testi\/wp-content\/uploads\/2026\/02\/Sertifioitu-siemen-rgb_web-e1772444836850.png","datePublished":"2025-11-17T07:12:03+00:00","dateModified":"2026-03-07T08:25:27+00:00","description":"Nurmisiemenseokset ovat erikoisosaamisemme. Kotimaista laatua kilpailukykyiseen hintaan \u2013 koko tuotantoketju omissa k\u00e4siss\u00e4mme.","breadcrumb":{"@id":"https:\/\/testi.purolankartano.fi\/testi\/siemenseokset\/#breadcrumb"},"inLanguage":"fi","potentialAction":[{"@type":"ReadAction","target":["https:\/\/testi.purolankartano.fi\/testi\/siemenseokset\/"]}]},{"@type":"ImageObject","inLanguage":"fi","@id":"https:\/\/testi.purolankartano.fi\/testi\/siemenseokset\/#primaryimage","url":"https:\/\/testi.purolankartano.fi\/testi\/wp-content\/uploads\/2026\/02\/Sertifioitu-siemen-rgb_web-e1772444836850.png","contentUrl":"https:\/\/testi.purolankartano.fi\/testi\/wp-content\/uploads\/2026\/02\/Sertifioitu-siemen-rgb_web-e1772444836850.png","width":400,"height":400},{"@type":"BreadcrumbList","@id":"https:\/\/testi.purolankartano.fi\/testi\/siemenseokset\/#breadcrumb","itemListElement":[{"@type":"ListItem","position":1,"name":"Etusivu","item":"https:\/\/testi.purolankartano.fi\/testi\/"},{"@type":"ListItem","position":2,"name":"Siemenseokset"}]},{"@type":"WebSite","@id":"https:\/\/testi.purolankartano.fi\/testi\/#website","url":"https:\/\/testi.purolankartano.fi\/testi\/","name":"Purolan kartano Oy","description":"Sertifioitujen siementen kauppa","publisher":{"@id":"https:\/\/testi.purolankartano.fi\/testi\/#organization"},"potentialAction":[{"@type":"SearchAction","target":{"@type":"EntryPoint","urlTemplate":"https:\/\/testi.purolankartano.fi\/testi\/?s={search_term_string}"},"query-input":{"@type":"PropertyValueSpecification","valueRequired":true,"valueName":"search_term_string"}}],"inLanguage":"fi"},{"@type":"Organization","@id":"https:\/\/testi.purolankartano.fi\/testi\/#organization","name":"Purolan kartano Oy","url":"https:\/\/testi.purolankartano.fi\/testi\/","logo":{"@type":"ImageObject","inLanguage":"fi","@id":"https:\/\/testi.purolankartano.fi\/testi\/#\/schema\/logo\/image\/","url":"https:\/\/testi.purolankartano.fi\/testi\/wp-content\/uploads\/2025\/11\/siemenkuvio_CMYK.jpg","contentUrl":"https:\/\/testi.purolankartano.fi\/testi\/wp-content\/uploads\/2025\/11\/siemenkuvio_CMYK.jpg","width":1481,"height":2362,"caption":"Purolan kartano Oy"},"image":{"@id":"https:\/\/testi.purolankartano.fi\/testi\/#\/schema\/logo\/image\/"}}]}},"_links":{"self":[{"href":"https:\/\/testi.purolankartano.fi\/testi\/wp-json\/wp\/v2\/pages\/311","targetHints":{"allow":["GET"]}}],"collection":[{"href":"https:\/\/testi.purolankartano.fi\/testi\/wp-json\/wp\/v2\/pages"}],"about":[{"href":"https:\/\/testi.purolankartano.fi\/testi\/wp-json\/wp\/v2\/types\/page"}],"author":[{"embeddable":true,"href":"https:\/\/testi.purolankartano.fi\/testi\/wp-json\/wp\/v2\/users\/1"}],"replies":[{"embeddable":true,"href":"https:\/\/testi.purolankartano.fi\/testi\/wp-json\/wp\/v2\/comments?post=311"}],"version-history":[{"count":68,"href":"https:\/\/testi.purolankartano.fi\/testi\/wp-json\/wp\/v2\/pages\/311\/revisions"}],"predecessor-version":[{"id":1255,"href":"https:\/\/testi.purolankartano.fi\/testi\/wp-json\/wp\/v2\/pages\/311\/revisions\/1255"}],"wp:attachment":[{"href":"https:\/\/testi.purolankartano.fi\/testi\/wp-json\/wp\/v2\/media?parent=311"}],"curies":[{"name":"wp","href":"https:\/\/api.w.org\/{rel}","templated":true}]}}