{"id":307,"date":"2025-11-17T09:12:02","date_gmt":"2025-11-17T07:12:02","guid":{"rendered":"https:\/\/testi.purolankartano.fi\/testi\/gallery-2\/"},"modified":"2026-03-07T09:31:37","modified_gmt":"2026-03-07T07:31:37","slug":"kasvinsuojelu","status":"publish","type":"page","link":"https:\/\/testi.purolankartano.fi\/testi\/kasvinsuojelu\/","title":{"rendered":"Kasvinsuojelu"},"content":{"rendered":"\t\t<div data-elementor-type=\"wp-page\" data-elementor-id=\"307\" class=\"elementor elementor-307\" data-elementor-post-type=\"page\">\n\t\t\t\t<div class=\"elementor-element elementor-element-4341c2a7 e-flex e-con-boxed e-con e-parent\" data-id=\"4341c2a7\" data-element_type=\"container\" data-e-type=\"container\" data-settings=\"{&quot;background_background&quot;:&quot;classic&quot;}\">\n\t\t\t\t\t<div class=\"e-con-inner\">\n\t\t\t\t<div class=\"elementor-element elementor-element-1cd23fd9 elementor-widget elementor-widget-heading\" data-id=\"1cd23fd9\" data-element_type=\"widget\" data-e-type=\"widget\" data-widget_type=\"heading.default\">\n\t\t\t\t\t<h1 class=\"elementor-heading-title elementor-size-default\">kasvinsuojelu<\/h1>\t\t\t\t<\/div>\n\t\t\t\t\t<\/div>\n\t\t\t\t<\/div>\n\t\t<div class=\"elementor-element elementor-element-6669487 e-flex e-con-boxed e-con e-parent\" data-id=\"6669487\" data-element_type=\"container\" data-e-type=\"container\">\n\t\t\t\t\t<div class=\"e-con-inner\">\n\t\t\t\t<div class=\"elementor-element elementor-element-f889bfc elementor-widget elementor-widget-spacer\" data-id=\"f889bfc\" data-element_type=\"widget\" data-e-type=\"widget\" data-widget_type=\"spacer.default\">\n\t\t\t\t\t\t\t<div class=\"elementor-spacer\">\n\t\t\t<div class=\"elementor-spacer-inner\"><\/div>\n\t\t<\/div>\n\t\t\t\t\t\t<\/div>\n\t\t\t\t<div class=\"elementor-element elementor-element-8e06242 elementor-widget elementor-widget-text-editor\" data-id=\"8e06242\" data-element_type=\"widget\" data-e-type=\"widget\" data-widget_type=\"text-editor.default\">\n\t\t\t\t\t\t\t\t\t<p>Meill\u00e4 on laaja valikoima kasvinsuojeluaineita.<\/p>\n<p>Kauttamme saat rikkakasvien-, kasvitautien- ja tuholaisten torjunta-aineet,&nbsp;<\/p><p>kasvuns\u00e4\u00e4teet, glyfosaatit ja kiinnitteet.&nbsp;<\/p><p>Lis\u00e4ksi erikoiskasviaineet, peittausaineet sek\u00e4 hivenravinteet ja pesuaineet l\u00f6yd\u00e4t meilt\u00e4.<\/p><p>&nbsp;Toimitamme kasvinsuojelutuotteet edulliseen hintaan suoraan tilallesi.&nbsp;<\/p>\n<p>Kysy tarjoustamme kasvinsuojelutuotteista.<\/p>\t\t\t\t\t\t\t\t<\/div>\n\t\t\t\t\t<\/div>\n\t\t\t\t<\/div>\n\t\t<div class=\"elementor-element elementor-element-0dd2b03 e-flex e-con-boxed e-con e-parent\" data-id=\"0dd2b03\" data-element_type=\"container\" data-e-type=\"container\">\n\t\t\t\t\t<div class=\"e-con-inner\">\n\t\t\t\t<div class=\"elementor-element elementor-element-383ea97 elementor-widget-divider--view-line elementor-widget elementor-widget-divider\" data-id=\"383ea97\" data-element_type=\"widget\" data-e-type=\"widget\" data-widget_type=\"divider.default\">\n\t\t\t\t\t\t\t<div class=\"elementor-divider\">\n\t\t\t<span class=\"elementor-divider-separator\">\n\t\t\t\t\t\t<\/span>\n\t\t<\/div>\n\t\t\t\t\t\t<\/div>\n\t\t\t\t<div class=\"elementor-element elementor-element-c951dce elementor-align-center elementor-widget elementor-widget-button\" data-id=\"c951dce\" data-element_type=\"widget\" data-e-type=\"widget\" data-widget_type=\"button.default\">\n\t\t\t\t\t\t\t\t\t\t<a class=\"elementor-button elementor-button-link elementor-size-sm\" href=\"https:\/\/testi.purolankartano.fi\/testi\/otayhteytta\/\">\n\t\t\t\t\t\t<span class=\"elementor-button-content-wrapper\">\n\t\t\t\t\t\t\t\t\t<span class=\"elementor-button-text\">Kysy tarjous kasvinsuojelutuotteista &gt;<\/span>\n\t\t\t\t\t<\/span>\n\t\t\t\t\t<\/a>\n\t\t\t\t\t\t\t\t<\/div>\n\t\t\t\t\t<\/div>\n\t\t\t\t<\/div>\n\t\t<div class=\"elementor-element elementor-element-4f96881 e-flex e-con-boxed e-con e-parent\" data-id=\"4f96881\" data-element_type=\"container\" data-e-type=\"container\">\n\t\t\t\t\t<div class=\"e-con-inner\">\n\t\t\t\t<div class=\"elementor-element elementor-element-46daa5e elementor-widget elementor-widget-spacer\" data-id=\"46daa5e\" data-element_type=\"widget\" data-e-type=\"widget\" data-widget_type=\"spacer.default\">\n\t\t\t\t\t\t\t<div class=\"elementor-spacer\">\n\t\t\t<div class=\"elementor-spacer-inner\"><\/div>\n\t\t<\/div>\n\t\t\t\t\t\t<\/div>\n\t\t\t\t\t<\/div>\n\t\t\t\t<\/div>\n\t\t\t\t<\/div>\n\t\t","protected":false},"excerpt":{"rendered":"<p>kasvinsuojelu Meill\u00e4 on laaja valikoima kasvinsuojeluaineita. Kauttamme saat rikkakasvien-, kasvitautien- ja tuholaisten torjunta-aineet,&nbsp; kasvuns\u00e4\u00e4teet, glyfosaatit ja kiinnitteet.&nbsp; Lis\u00e4ksi erikoiskasviaineet, peittausaineet sek\u00e4 hivenravinteet ja pesuaineet l\u00f6yd\u00e4t meilt\u00e4. &nbsp;Toimitamme kasvinsuojelutuotteet edulliseen hintaan suoraan tilallesi.&nbsp; Kysy tarjoustamme kasvinsuojelutuotteista. Kysy tarjous kasvinsuojelutuotteista &gt;<\/p>\n","protected":false},"author":1,"featured_media":0,"parent":0,"menu_order":0,"comment_status":"closed","ping_status":"closed","template":"elementor_header_footer","meta":{"footnotes":""},"class_list":["post-307","page","type-page","status-publish","hentry"],"yoast_head":"<!-- This site is optimized with the Yoast SEO plugin v27.4 - https:\/\/yoast.com\/product\/yoast-seo-wordpress\/ -->\n<title>Kasvinsuojeluaineet edullisesti suoraan tilallesi | Purolan kartano<\/title>\n<meta name=\"description\" content=\"Laaja valikoima kasvinsuojeluaineita viljelij\u00f6ille. Toimitamme tuotteet edulliseen hintaan suoraan tilallesi. Kysy tarjoustamme!\" \/>\n<meta name=\"robots\" content=\"index, follow, max-snippet:-1, max-image-preview:large, max-video-preview:-1\" \/>\n<link rel=\"canonical\" href=\"https:\/\/testi.purolankartano.fi\/testi\/kasvinsuojelu\/\" \/>\n<meta property=\"og:locale\" content=\"fi_FI\" \/>\n<meta property=\"og:type\" content=\"article\" \/>\n<meta property=\"og:title\" content=\"Kasvinsuojeluaineet edullisesti suoraan tilallesi | Purolan kartano\" \/>\n<meta property=\"og:description\" content=\"Laaja valikoima kasvinsuojeluaineita viljelij\u00f6ille. Toimitamme tuotteet edulliseen hintaan suoraan tilallesi. Kysy tarjoustamme!\" \/>\n<meta property=\"og:url\" content=\"https:\/\/testi.purolankartano.fi\/testi\/kasvinsuojelu\/\" \/>\n<meta property=\"og:site_name\" content=\"Purolan kartano Oy\" \/>\n<meta property=\"article:modified_time\" content=\"2026-03-07T07:31:37+00:00\" \/>\n<meta name=\"twitter:card\" content=\"summary_large_image\" \/>\n<meta name=\"twitter:label1\" content=\"Arvioitu lukuaika\" \/>\n\t<meta name=\"twitter:data1\" content=\"1 minuutti\" \/>\n<script type=\"application\/ld+json\" class=\"yoast-schema-graph\">{\"@context\":\"https:\\\/\\\/schema.org\",\"@graph\":[{\"@type\":\"WebPage\",\"@id\":\"https:\\\/\\\/testi.purolankartano.fi\\\/testi\\\/kasvinsuojelu\\\/\",\"url\":\"https:\\\/\\\/testi.purolankartano.fi\\\/testi\\\/kasvinsuojelu\\\/\",\"name\":\"Kasvinsuojeluaineet edullisesti suoraan tilallesi | Purolan kartano\",\"isPartOf\":{\"@id\":\"https:\\\/\\\/testi.purolankartano.fi\\\/testi\\\/#website\"},\"datePublished\":\"2025-11-17T07:12:02+00:00\",\"dateModified\":\"2026-03-07T07:31:37+00:00\",\"description\":\"Laaja valikoima kasvinsuojeluaineita viljelij\u00f6ille. Toimitamme tuotteet edulliseen hintaan suoraan tilallesi. Kysy tarjoustamme!\",\"breadcrumb\":{\"@id\":\"https:\\\/\\\/testi.purolankartano.fi\\\/testi\\\/kasvinsuojelu\\\/#breadcrumb\"},\"inLanguage\":\"fi\",\"potentialAction\":[{\"@type\":\"ReadAction\",\"target\":[\"https:\\\/\\\/testi.purolankartano.fi\\\/testi\\\/kasvinsuojelu\\\/\"]}]},{\"@type\":\"BreadcrumbList\",\"@id\":\"https:\\\/\\\/testi.purolankartano.fi\\\/testi\\\/kasvinsuojelu\\\/#breadcrumb\",\"itemListElement\":[{\"@type\":\"ListItem\",\"position\":1,\"name\":\"Etusivu\",\"item\":\"https:\\\/\\\/testi.purolankartano.fi\\\/testi\\\/\"},{\"@type\":\"ListItem\",\"position\":2,\"name\":\"Kasvinsuojelu\"}]},{\"@type\":\"WebSite\",\"@id\":\"https:\\\/\\\/testi.purolankartano.fi\\\/testi\\\/#website\",\"url\":\"https:\\\/\\\/testi.purolankartano.fi\\\/testi\\\/\",\"name\":\"Purolan kartano Oy\",\"description\":\"Sertifioitujen siementen kauppa\",\"publisher\":{\"@id\":\"https:\\\/\\\/testi.purolankartano.fi\\\/testi\\\/#organization\"},\"potentialAction\":[{\"@type\":\"SearchAction\",\"target\":{\"@type\":\"EntryPoint\",\"urlTemplate\":\"https:\\\/\\\/testi.purolankartano.fi\\\/testi\\\/?s={search_term_string}\"},\"query-input\":{\"@type\":\"PropertyValueSpecification\",\"valueRequired\":true,\"valueName\":\"search_term_string\"}}],\"inLanguage\":\"fi\"},{\"@type\":\"Organization\",\"@id\":\"https:\\\/\\\/testi.purolankartano.fi\\\/testi\\\/#organization\",\"name\":\"Purolan kartano Oy\",\"url\":\"https:\\\/\\\/testi.purolankartano.fi\\\/testi\\\/\",\"logo\":{\"@type\":\"ImageObject\",\"inLanguage\":\"fi\",\"@id\":\"https:\\\/\\\/testi.purolankartano.fi\\\/testi\\\/#\\\/schema\\\/logo\\\/image\\\/\",\"url\":\"https:\\\/\\\/testi.purolankartano.fi\\\/testi\\\/wp-content\\\/uploads\\\/2025\\\/11\\\/siemenkuvio_CMYK.jpg\",\"contentUrl\":\"https:\\\/\\\/testi.purolankartano.fi\\\/testi\\\/wp-content\\\/uploads\\\/2025\\\/11\\\/siemenkuvio_CMYK.jpg\",\"width\":1481,\"height\":2362,\"caption\":\"Purolan kartano Oy\"},\"image\":{\"@id\":\"https:\\\/\\\/testi.purolankartano.fi\\\/testi\\\/#\\\/schema\\\/logo\\\/image\\\/\"}}]}<\/script>\n<!-- \/ Yoast SEO plugin. -->","yoast_head_json":{"title":"Kasvinsuojeluaineet edullisesti suoraan tilallesi | Purolan kartano","description":"Laaja valikoima kasvinsuojeluaineita viljelij\u00f6ille. Toimitamme tuotteet edulliseen hintaan suoraan tilallesi. Kysy tarjoustamme!","robots":{"index":"index","follow":"follow","max-snippet":"max-snippet:-1","max-image-preview":"max-image-preview:large","max-video-preview":"max-video-preview:-1"},"canonical":"https:\/\/testi.purolankartano.fi\/testi\/kasvinsuojelu\/","og_locale":"fi_FI","og_type":"article","og_title":"Kasvinsuojeluaineet edullisesti suoraan tilallesi | Purolan kartano","og_description":"Laaja valikoima kasvinsuojeluaineita viljelij\u00f6ille. Toimitamme tuotteet edulliseen hintaan suoraan tilallesi. Kysy tarjoustamme!","og_url":"https:\/\/testi.purolankartano.fi\/testi\/kasvinsuojelu\/","og_site_name":"Purolan kartano Oy","article_modified_time":"2026-03-07T07:31:37+00:00","twitter_card":"summary_large_image","twitter_misc":{"Arvioitu lukuaika":"1 minuutti"},"schema":{"@context":"https:\/\/schema.org","@graph":[{"@type":"WebPage","@id":"https:\/\/testi.purolankartano.fi\/testi\/kasvinsuojelu\/","url":"https:\/\/testi.purolankartano.fi\/testi\/kasvinsuojelu\/","name":"Kasvinsuojeluaineet edullisesti suoraan tilallesi | Purolan kartano","isPartOf":{"@id":"https:\/\/testi.purolankartano.fi\/testi\/#website"},"datePublished":"2025-11-17T07:12:02+00:00","dateModified":"2026-03-07T07:31:37+00:00","description":"Laaja valikoima kasvinsuojeluaineita viljelij\u00f6ille. Toimitamme tuotteet edulliseen hintaan suoraan tilallesi. Kysy tarjoustamme!","breadcrumb":{"@id":"https:\/\/testi.purolankartano.fi\/testi\/kasvinsuojelu\/#breadcrumb"},"inLanguage":"fi","potentialAction":[{"@type":"ReadAction","target":["https:\/\/testi.purolankartano.fi\/testi\/kasvinsuojelu\/"]}]},{"@type":"BreadcrumbList","@id":"https:\/\/testi.purolankartano.fi\/testi\/kasvinsuojelu\/#breadcrumb","itemListElement":[{"@type":"ListItem","position":1,"name":"Etusivu","item":"https:\/\/testi.purolankartano.fi\/testi\/"},{"@type":"ListItem","position":2,"name":"Kasvinsuojelu"}]},{"@type":"WebSite","@id":"https:\/\/testi.purolankartano.fi\/testi\/#website","url":"https:\/\/testi.purolankartano.fi\/testi\/","name":"Purolan kartano Oy","description":"Sertifioitujen siementen kauppa","publisher":{"@id":"https:\/\/testi.purolankartano.fi\/testi\/#organization"},"potentialAction":[{"@type":"SearchAction","target":{"@type":"EntryPoint","urlTemplate":"https:\/\/testi.purolankartano.fi\/testi\/?s={search_term_string}"},"query-input":{"@type":"PropertyValueSpecification","valueRequired":true,"valueName":"search_term_string"}}],"inLanguage":"fi"},{"@type":"Organization","@id":"https:\/\/testi.purolankartano.fi\/testi\/#organization","name":"Purolan kartano Oy","url":"https:\/\/testi.purolankartano.fi\/testi\/","logo":{"@type":"ImageObject","inLanguage":"fi","@id":"https:\/\/testi.purolankartano.fi\/testi\/#\/schema\/logo\/image\/","url":"https:\/\/testi.purolankartano.fi\/testi\/wp-content\/uploads\/2025\/11\/siemenkuvio_CMYK.jpg","contentUrl":"https:\/\/testi.purolankartano.fi\/testi\/wp-content\/uploads\/2025\/11\/siemenkuvio_CMYK.jpg","width":1481,"height":2362,"caption":"Purolan kartano Oy"},"image":{"@id":"https:\/\/testi.purolankartano.fi\/testi\/#\/schema\/logo\/image\/"}}]}},"_links":{"self":[{"href":"https:\/\/testi.purolankartano.fi\/testi\/wp-json\/wp\/v2\/pages\/307","targetHints":{"allow":["GET"]}}],"collection":[{"href":"https:\/\/testi.purolankartano.fi\/testi\/wp-json\/wp\/v2\/pages"}],"about":[{"href":"https:\/\/testi.purolankartano.fi\/testi\/wp-json\/wp\/v2\/types\/page"}],"author":[{"embeddable":true,"href":"https:\/\/testi.purolankartano.fi\/testi\/wp-json\/wp\/v2\/users\/1"}],"replies":[{"embeddable":true,"href":"https:\/\/testi.purolankartano.fi\/testi\/wp-json\/wp\/v2\/comments?post=307"}],"version-history":[{"count":80,"href":"https:\/\/testi.purolankartano.fi\/testi\/wp-json\/wp\/v2\/pages\/307\/revisions"}],"predecessor-version":[{"id":1226,"href":"https:\/\/testi.purolankartano.fi\/testi\/wp-json\/wp\/v2\/pages\/307\/revisions\/1226"}],"wp:attachment":[{"href":"https:\/\/testi.purolankartano.fi\/testi\/wp-json\/wp\/v2\/media?parent=307"}],"curies":[{"name":"wp","href":"https:\/\/api.w.org\/{rel}","templated":true}]}}